{"id":47,"date":"2022-01-31T12:29:03","date_gmt":"2022-01-31T12:29:03","guid":{"rendered":"https:\/\/livingpoint.trazisnesto.com\/?page_id=47"},"modified":"2022-03-06T10:04:55","modified_gmt":"2022-03-06T10:04:55","slug":"about-us","status":"publish","type":"page","link":"https:\/\/livingpoint.hr\/de\/about-us","title":{"rendered":"\u00dcber uns"},"content":{"rendered":"<div data-elementor-type=\"wp-page\" data-elementor-id=\"47\" class=\"elementor elementor-47\">\n\t\t\t\t\t\t<section class=\"elementor-section elementor-top-section elementor-element elementor-element-91dd745 elementor-section-boxed elementor-section-height-default elementor-section-height-default\" data-id=\"91dd745\" data-element_type=\"section\" data-e-type=\"section\">\n\t\t\t\t\t\t<div class=\"elementor-container elementor-column-gap-default\">\n\t\t\t\t\t<div class=\"elementor-column elementor-col-100 elementor-top-column elementor-element elementor-element-9ed4885\" data-id=\"9ed4885\" data-element_type=\"column\" data-e-type=\"column\">\n\t\t\t<div class=\"elementor-widget-wrap elementor-element-populated\">\n\t\t\t\t\t\t<div class=\"elementor-element elementor-element-10afe61 elementor-widget elementor-widget-spacer\" data-id=\"10afe61\" data-element_type=\"widget\" data-e-type=\"widget\" data-widget_type=\"spacer.default\">\n\t\t\t\t<div class=\"elementor-widget-container\">\n\t\t\t\t\t\t\t<div class=\"elementor-spacer\">\n\t\t\t<div class=\"elementor-spacer-inner\"><\/div>\n\t\t<\/div>\n\t\t\t\t\t\t<\/div>\n\t\t\t\t<\/div>\n\t\t\t\t<div class=\"elementor-element elementor-element-bb8fd2b elementor-widget elementor-widget-text-editor\" data-id=\"bb8fd2b\" data-element_type=\"widget\" data-e-type=\"widget\" data-widget_type=\"text-editor.default\">\n\t\t\t\t<div class=\"elementor-widget-container\">\n\t\t\t\t\t\t\t\t\t<p>Unsere modernen Mobilheime befinden sich auf einer sonnigen Lichtung, 50 m vom Meer entfernt, im Campingplatz Poljana **** Mali Lo\u0161inj, der die ADAC-Qualit\u00e4tsauszeichnung \u201eGelbe Tafel\u201c tr\u00e4gt. Das ganze Camp ist von einem Wald voller aromatischer Kr\u00e4uter umgeben, die in Kombination mit der Meeresluft einen idealen Ort f\u00fcr k\u00f6rperliche und geistige Erholung darstellen.<\/p><p>Innerhalb des Camps gibt es einen Markt, ein Restaurant, eine Strandbar, eine Konditorei, eine W\u00e4scherei, einen Beachvolleyballplatz, Fu\u00dfball, Tennis, einen Kinderspielplatz und www.bikepoint.hr, wo Sie Fahrr\u00e4der und Wassersportausr\u00fcstung mieten k\u00f6nnen. An der Rezeption gibt es einen Geldautomaten.<\/p><p>Der Strand ist 100 bis 200 m entfernt. Ein separater Teil des Strandes ist f\u00fcr FKK-Anh\u00e4nger reserviert. Das Zentrum von Mali Lo\u0161inj ist 3 km entfernt.<\/p><p>Klares Meer, saubere Luft, reiche Flora und Fauna, mildes Mittelmeerklima und mehr als 260 Sonnentage sind die Merkmale von Mali Lo\u0161inj. Auf dem Lo\u0161injer Archipel gibt es keine Giftschlangen, und als Vertreter der Tierarten, die den Archipel bewohnen, k\u00f6nnen Delphine und G\u00e4nsegeier hervorgehoben werden.<\/p><p>Die Anf\u00e4nge des Tourismus auf Lo\u0161inj gehen auf das Jahr 1885 zur\u00fcck, als der Gesundheitstourismus als erste Form des Tourismus auf der Insel entstand. Am 21. Januar 1885 wurde der erste Tourist auf dieser Insel registriert. Das erste Hotel auf Mali Lo\u0161inj trug den Namen Vindobona und wurde 1887 erbaut. Dank der au\u00dfergew\u00f6hnlichen Eigenschaften des Klimas wurde Lo\u0161inj 1892 zum Luftkurort f\u00fcr die Behandlung von Atemwegserkrankungen und Allergien erkl\u00e4rt.<\/p><p>... Genie\u00dfen Sie die Sch\u00f6nheit des Meeres und der Terrasse, die perfekt f\u00fcr die sch\u00f6nsten Morgen Geselligkeit mit Kaffee, die Kl\u00e4nge des Meeres und die D\u00fcfte des Waldes ist. In der Abendd\u00e4mmerung, mit einem Wein Stunde, k\u00f6nnen Sie den Sonnenuntergang und Boote mit Fischern auf hoher See R\u00fcckkehr in den Hafen zu beobachten.<\/p><p>... Um Sie besser kennen zu lernen, schauen Sie sich unsere Bildergalerie an<\/p>\t\t\t\t\t\t\t\t<\/div>\n\t\t\t\t<\/div>\n\t\t\t\t\t<\/div>\n\t\t<\/div>\n\t\t\t\t\t<\/div>\n\t\t<\/section>\n\t\t\t\t<\/div>","protected":false},"excerpt":{"rendered":"<p>Our modern mobile homes are located on a sunny glade, 50m from the sea in the camp Poljana **** Mali Lo\u0161inj, which carries the ADAC award for quality \"yellow board\". The whole camp is surrounded by forest, full of aromatic herbs, which in combination with the sea air makes it an ideal place for physical [&hellip;]<\/p>\n","protected":false},"author":1,"featured_media":0,"parent":0,"menu_order":0,"comment_status":"closed","ping_status":"closed","template":"elementor_header_footer","meta":{"ocean_post_layout":"","ocean_both_sidebars_style":"","ocean_both_sidebars_content_width":0,"ocean_both_sidebars_sidebars_width":0,"ocean_sidebar":"","ocean_second_sidebar":"","ocean_disable_margins":"enable","ocean_add_body_class":"","ocean_shortcode_before_top_bar":"","ocean_shortcode_after_top_bar":"","ocean_shortcode_before_header":"","ocean_shortcode_after_header":"","ocean_has_shortcode":"","ocean_shortcode_after_title":"","ocean_shortcode_before_footer_widgets":"","ocean_shortcode_after_footer_widgets":"","ocean_shortcode_before_footer_bottom":"","ocean_shortcode_after_footer_bottom":"","ocean_display_top_bar":"default","ocean_display_header":"default","ocean_header_style":"","ocean_center_header_left_menu":"","ocean_custom_header_template":"","ocean_custom_logo":0,"ocean_custom_retina_logo":0,"ocean_custom_logo_max_width":0,"ocean_custom_logo_tablet_max_width":0,"ocean_custom_logo_mobile_max_width":0,"ocean_custom_logo_max_height":0,"ocean_custom_logo_tablet_max_height":0,"ocean_custom_logo_mobile_max_height":0,"ocean_header_custom_menu":"","ocean_menu_typo_font_family":"","ocean_menu_typo_font_subset":"","ocean_menu_typo_font_size":0,"ocean_menu_typo_font_size_tablet":0,"ocean_menu_typo_font_size_mobile":0,"ocean_menu_typo_font_size_unit":"px","ocean_menu_typo_font_weight":"","ocean_menu_typo_font_weight_tablet":"","ocean_menu_typo_font_weight_mobile":"","ocean_menu_typo_transform":"","ocean_menu_typo_transform_tablet":"","ocean_menu_typo_transform_mobile":"","ocean_menu_typo_line_height":0,"ocean_menu_typo_line_height_tablet":0,"ocean_menu_typo_line_height_mobile":0,"ocean_menu_typo_line_height_unit":"","ocean_menu_typo_spacing":0,"ocean_menu_typo_spacing_tablet":0,"ocean_menu_typo_spacing_mobile":0,"ocean_menu_typo_spacing_unit":"","ocean_menu_link_color":"","ocean_menu_link_color_hover":"","ocean_menu_link_color_active":"","ocean_menu_link_background":"","ocean_menu_link_hover_background":"","ocean_menu_link_active_background":"","ocean_menu_social_links_bg":"","ocean_menu_social_hover_links_bg":"","ocean_menu_social_links_color":"","ocean_menu_social_hover_links_color":"","ocean_disable_title":"default","ocean_disable_heading":"default","ocean_post_title":"","ocean_post_subheading":"","ocean_post_title_style":"","ocean_post_title_background_color":"","ocean_post_title_background":0,"ocean_post_title_bg_image_position":"","ocean_post_title_bg_image_attachment":"","ocean_post_title_bg_image_repeat":"","ocean_post_title_bg_image_size":"","ocean_post_title_height":0,"ocean_post_title_bg_overlay":0.5,"ocean_post_title_bg_overlay_color":"","ocean_disable_breadcrumbs":"default","ocean_breadcrumbs_color":"","ocean_breadcrumbs_separator_color":"","ocean_breadcrumbs_links_color":"","ocean_breadcrumbs_links_hover_color":"","ocean_display_footer_widgets":"default","ocean_display_footer_bottom":"default","ocean_custom_footer_template":"","footnotes":""},"class_list":["post-47","page","type-page","status-publish","hentry","entry"],"_links":{"self":[{"href":"https:\/\/livingpoint.hr\/de\/wp-json\/wp\/v2\/pages\/47","targetHints":{"allow":["GET"]}}],"collection":[{"href":"https:\/\/livingpoint.hr\/de\/wp-json\/wp\/v2\/pages"}],"about":[{"href":"https:\/\/livingpoint.hr\/de\/wp-json\/wp\/v2\/types\/page"}],"author":[{"embeddable":true,"href":"https:\/\/livingpoint.hr\/de\/wp-json\/wp\/v2\/users\/1"}],"replies":[{"embeddable":true,"href":"https:\/\/livingpoint.hr\/de\/wp-json\/wp\/v2\/comments?post=47"}],"version-history":[{"count":17,"href":"https:\/\/livingpoint.hr\/de\/wp-json\/wp\/v2\/pages\/47\/revisions"}],"predecessor-version":[{"id":522,"href":"https:\/\/livingpoint.hr\/de\/wp-json\/wp\/v2\/pages\/47\/revisions\/522"}],"wp:attachment":[{"href":"https:\/\/livingpoint.hr\/de\/wp-json\/wp\/v2\/media?parent=47"}],"curies":[{"name":"wp","href":"https:\/\/api.w.org\/{rel}","templated":true}]}}